{"id":130,"date":"2020-06-11T17:39:36","date_gmt":"2020-06-11T17:39:36","guid":{"rendered":"http:\/\/ciudadtrujillo.com\/?page_id=130"},"modified":"2026-04-02T08:01:16","modified_gmt":"2026-04-02T12:01:16","slug":"home","status":"publish","type":"page","link":"https:\/\/ciudadtrujillo.com\/","title":{"rendered":"Inicio"},"content":{"rendered":"<h2>Deportes<\/h2>\n<div class=\"pt-cv-wrapper\"><div class=\"pt-cv-view pt-cv-grid pt-cv-colsys\" id=\"pt-cv-view-d6491dc74s\"><div data-id=\"pt-cv-page-1\" class=\"pt-cv-page\" data-cvc=\"2\"><div class=\"col-md-6 col-sm-6 col-xs-12 pt-cv-content-item pt-cv-1-col\" ><div class='pt-cv-ifield'><a href=\"https:\/\/ciudadtrujillo.com\/?p=49737\" class=\"_self pt-cv-href-thumbnail pt-cv-thumb-default\" target=\"_self\" ><img loading=\"lazy\" decoding=\"async\" width=\"300\" height=\"225\" src=\"https:\/\/ciudadtrujillo.com\/wp-content\/uploads\/2025\/12\/Cafecito-Martinez-1068x801-1-300x225.webp\" class=\"pt-cv-thumbnail\" alt=\"\" srcset=\"https:\/\/ciudadtrujillo.com\/wp-content\/uploads\/2025\/12\/Cafecito-Martinez-1068x801-1-300x225.webp 300w, https:\/\/ciudadtrujillo.com\/wp-content\/uploads\/2025\/12\/Cafecito-Martinez-1068x801-1-1024x768.webp 1024w, https:\/\/ciudadtrujillo.com\/wp-content\/uploads\/2025\/12\/Cafecito-Martinez-1068x801-1-768x576.webp 768w, https:\/\/ciudadtrujillo.com\/wp-content\/uploads\/2025\/12\/Cafecito-Martinez-1068x801-1.webp 1068w\" sizes=\"auto, (max-width: 300px) 100vw, 300px\" \/><\/a>\n<h4 class=\"pt-cv-title\"><a href=\"https:\/\/ciudadtrujillo.com\/?p=49737\" class=\"_self\" target=\"_self\" >\u201cCafecito\u201d Mart\u00ednez escala puestos en lista de hiteadores<\/a><\/h4>\n<div class=\"pt-cv-content\">En lo que pudo ser su \u00faltimo partido en el estadio Luis Aparicio \u201cEl Grande\u201d de Maracaibo, Jos\u00e9 Alberto Mart\u00ednez ...<br \/><div class=\"pt-cv-rmwrap\"><a href=\"https:\/\/ciudadtrujillo.com\/?p=49737\" class=\"_self pt-cv-readmore btn btn-success\" target=\"_self\">Leer M\u00e1s<\/a><\/div><\/div><\/div><\/div>\n<div class=\"col-md-6 col-sm-6 col-xs-12 pt-cv-content-item pt-cv-1-col\" ><div class='pt-cv-ifield'><a href=\"https:\/\/ciudadtrujillo.com\/?p=49714\" class=\"_self pt-cv-href-thumbnail pt-cv-thumb-default\" target=\"_self\" ><img loading=\"lazy\" decoding=\"async\" width=\"300\" height=\"225\" src=\"https:\/\/ciudadtrujillo.com\/wp-content\/uploads\/2025\/12\/Diseno-sin-titulo_20251222_165615_0000-1068x801-1-300x225.png\" class=\"pt-cv-thumbnail\" alt=\"\" srcset=\"https:\/\/ciudadtrujillo.com\/wp-content\/uploads\/2025\/12\/Diseno-sin-titulo_20251222_165615_0000-1068x801-1-300x225.png 300w, https:\/\/ciudadtrujillo.com\/wp-content\/uploads\/2025\/12\/Diseno-sin-titulo_20251222_165615_0000-1068x801-1-1024x768.png 1024w, https:\/\/ciudadtrujillo.com\/wp-content\/uploads\/2025\/12\/Diseno-sin-titulo_20251222_165615_0000-1068x801-1-768x576.png 768w, https:\/\/ciudadtrujillo.com\/wp-content\/uploads\/2025\/12\/Diseno-sin-titulo_20251222_165615_0000-1068x801-1.png 1068w\" sizes=\"auto, (max-width: 300px) 100vw, 300px\" \/><\/a>\n<h4 class=\"pt-cv-title\"><a href=\"https:\/\/ciudadtrujillo.com\/?p=49714\" class=\"_self\" target=\"_self\" >Antonio Pi\u00f1ero, el mejor de la pen\u00faltima semana<\/a><\/h4>\n<div class=\"pt-cv-content\">Antonio Pi\u00f1ero es una de las revelaciones de Caribes de Anzo\u00e1tegui en una temporada donde la \u00abtribu\u00bb ha sido una ...<br \/><div class=\"pt-cv-rmwrap\"><a href=\"https:\/\/ciudadtrujillo.com\/?p=49714\" class=\"_self pt-cv-readmore btn btn-success\" target=\"_self\">Leer M\u00e1s<\/a><\/div><\/div><\/div><\/div><\/div><\/div><\/div>\n<hr \/>\n<h2><a href=\"https:\/\/ciudadtrujillo.com\/publicidad\/\">Publicidad<\/a><\/h2>\n\n\t\t<!-- MasterSlider -->\n\t\t<div id=\"P_MS69c4abcc546f4\" class=\"master-slider-parent msl ms-parent-id-2\" style=\"max-width:1000px;\">\n\n\t\t\t\n\t\t\t<!-- MasterSlider Main -->\n\t\t\t<div id=\"MS69c4abcc546f4\" class=\"master-slider ms-skin-default\" >\n\t\t\t\t \t\t\t\t \n\t\t\t\t<div  class=\"ms-slide\" data-delay=\"3\" data-fill-mode=\"fit\"  >\n\t\t\t\t\t<img decoding=\"async\" src=\"https:\/\/ciudadtrujillo.com\/wp-content\/plugins\/master-slider\/public\/assets\/css\/blank.gif\" alt=\"\" title=\"\" data-src=\"https:\/\/ciudadtrujillo.com\/wp-content\/uploads\/2026\/03\/hablame.png\" \/>\n\n\n\t<div class=\"ms-thumb\" ><div class=\"ms-tab-context\"><div class=\"&quot;ms-tab-context&quot;\"><\/div><\/div>\n<\/div>\n\t\t\t\t<\/div>\n\t\t\t\t<div  class=\"ms-slide\" data-delay=\"1\" data-fill-mode=\"fit\"  >\n\t\t\t\t\t<img decoding=\"async\" src=\"https:\/\/ciudadtrujillo.com\/wp-content\/plugins\/master-slider\/public\/assets\/css\/blank.gif\" alt=\"\" title=\"\" data-src=\"https:\/\/ciudadtrujillo.com\/wp-content\/uploads\/2026\/03\/Cintillo.jpg.jpeg\" \/>\n\n\n\t<div class=\"ms-thumb\" ><div class=\"ms-tab-context\"><div class=\"&quot;ms-tab-context&quot;\"><\/div><\/div>\n<\/div>\n\t\t\t\t<\/div>\n\t\t\t\t<div  class=\"ms-slide\" data-delay=\"3\" data-fill-mode=\"fit\"  >\n\t\t\t\t\t<img decoding=\"async\" src=\"https:\/\/ciudadtrujillo.com\/wp-content\/plugins\/master-slider\/public\/assets\/css\/blank.gif\" alt=\"\" title=\"\" data-src=\"https:\/\/ciudadtrujillo.com\/wp-content\/uploads\/2026\/03\/5010316089841355677.jpg\" \/>\n\n\n\t<div class=\"ms-thumb\" ><div class=\"ms-tab-context\"><div class=\"&quot;ms-tab-context&quot;\"><\/div><\/div>\n<\/div>\n\t\t\t\t<\/div>\n\t\t\t\t<div  class=\"ms-slide\" data-delay=\"3\" data-fill-mode=\"fit\"  >\n\t\t\t\t\t<img decoding=\"async\" src=\"https:\/\/ciudadtrujillo.com\/wp-content\/plugins\/master-slider\/public\/assets\/css\/blank.gif\" alt=\"\" title=\"\" data-src=\"https:\/\/ciudadtrujillo.com\/wp-content\/uploads\/2026\/03\/ampa.png\" \/>\n\n\n\t<div class=\"ms-thumb\" ><div class=\"ms-tab-context\"><div class=\"&quot;ms-tab-context&quot;\"><\/div><\/div>\n<\/div>\n\t\t\t\t<\/div>\n\n\t\t\t<\/div>\n\t\t\t<!-- END MasterSlider Main -->\n\n\t\t\t \n\t\t<\/div>\n\t\t<!-- END MasterSlider -->\n\n\t\t<script>\n\t\t(function ( $ ) {\n\t\t\t\"use strict\";\n\n\t\t\t$(function () {\n\t\t\t\tvar masterslider_46f4 = new MasterSlider();\n\n\t\t\t\t\/\/ slider controls\n\n\t\t\t\t\/\/ slider setup\n\t\t\t\tmasterslider_46f4.setup(\"MS69c4abcc546f4\", {\n\t\t\t\t\t\twidth           : 1000,\n\t\t\t\t\t\theight          : 500,\n\t\t\t\t\t\tminHeight       : 0,\n\t\t\t\t\t\tspace           : 0,\n\t\t\t\t\t\tstart           : 1,\n\t\t\t\t\t\tgrabCursor      : true,\n\t\t\t\t\t\tswipe           : true,\n\t\t\t\t\t\tmouse           : true,\n\t\t\t\t\t\tlayout          : \"boxed\",\n\t\t\t\t\t\twheel           : false,\n\t\t\t\t\t\tautoplay        : true,\n\t\t\t\t\t\tinstantStartLayers:false,\n\t\t\t\t\t\tloop            : true,\n\t\t\t\t\t\tshuffle         : false,\n\t\t\t\t\t\tpreload         : 0,\n\t\t\t\t\t\theightLimit     : true,\n\t\t\t\t\t\tautoHeight      : false,\n\t\t\t\t\t\tsmoothHeight    : true,\n\t\t\t\t\t\tendPause        : false,\n\t\t\t\t\t\toverPause       : true,\n\t\t\t\t\t\tfillMode        : \"fill\",\n\t\t\t\t\t\tcenterControls  : true,\n\t\t\t\t\t\tstartOnAppear   : false,\n\t\t\t\t\t\tlayersMode      : \"center\",\n\t\t\t\t\t\thideLayers      : false,\n\t\t\t\t\t\tfullscreenMargin: 0,\n\t\t\t\t\t\tspeed           : 10,\n\t\t\t\t\t\tdir             : \"h\",\n\t\t\t\t\t\tparallaxMode    : 'swipe',\n\t\t\t\t\t\tview            : \"basic\"\n\t\t\t\t});\n\n\t\t\t\t\n\t\t\t\twindow.masterslider_instances = window.masterslider_instances || [];\n\t\t\t\twindow.masterslider_instances.push( masterslider_46f4 );\n\t\t\t });\n\n\t\t})(jQuery);\n\t\t<\/script>\n\n\n<p>&nbsp;<\/p>\n<p>&nbsp;<\/p>\n<hr \/>\n<h2>Opini\u00f3n<\/h2>\n<div class=\"pt-cv-wrapper\"><div class=\"pt-cv-view pt-cv-grid pt-cv-colsys\" id=\"pt-cv-view-5e3da47oe1\"><div data-id=\"pt-cv-page-1\" class=\"pt-cv-page\" data-cvc=\"2\"><div class=\"col-md-6 col-sm-6 col-xs-12 pt-cv-content-item pt-cv-1-col\" ><div class='pt-cv-ifield'><a href=\"https:\/\/ciudadtrujillo.com\/?p=50676\" class=\"_self pt-cv-href-thumbnail pt-cv-thumb-default\" target=\"_self\" ><\/a>\n<h4 class=\"pt-cv-title\"><a href=\"https:\/\/ciudadtrujillo.com\/?p=50676\" class=\"_self\" target=\"_self\" >Ferias de la Paz 2026: Epicentro de reencuentro e integraci\u00f3n\u00a0<\/a><\/h4>\n<div class=\"pt-cv-content\">El mes de agosto de 2026 marcar\u00e1 un hito hist\u00f3rico para la familia trujillana: el surgimiento de las Ferias de ...<br \/><div class=\"pt-cv-rmwrap\"><a href=\"https:\/\/ciudadtrujillo.com\/?p=50676\" class=\"_self pt-cv-readmore btn btn-success\" target=\"_self\">Leer M\u00e1s<\/a><\/div><\/div><\/div><\/div>\n<div class=\"col-md-6 col-sm-6 col-xs-12 pt-cv-content-item pt-cv-1-col\" ><div class='pt-cv-ifield'><a href=\"https:\/\/ciudadtrujillo.com\/?p=50616\" class=\"_self pt-cv-href-thumbnail pt-cv-thumb-default\" target=\"_self\" ><\/a>\n<h4 class=\"pt-cv-title\"><a href=\"https:\/\/ciudadtrujillo.com\/?p=50616\" class=\"_self\" target=\"_self\" >Valera: Coraz\u00f3n comercial de Trujillo<\/a><\/h4>\n<div class=\"pt-cv-content\">El recurso m\u00e1s valioso de Valera reside en su gente: un capital humano caracterizado por su resiliencia y esp\u00edritu emprendedor ...<br \/><div class=\"pt-cv-rmwrap\"><a href=\"https:\/\/ciudadtrujillo.com\/?p=50616\" class=\"_self pt-cv-readmore btn btn-success\" target=\"_self\">Leer M\u00e1s<\/a><\/div><\/div><\/div><\/div><\/div><\/div><\/div>\n<hr \/>\n<h2>Cultura<\/h2>\n<p><a href=\"http:\/\/&lt;div class=&quot;pt-cv-wrapper&quot;&gt;Error: puede que no exista la vista de &lt;strong&gt;quote358e562xgquot&lt;\/strong&gt;&lt;\/div&gt;\"><div class=\"pt-cv-wrapper\"><div class=\"pt-cv-view pt-cv-grid pt-cv-colsys\" id=\"pt-cv-view-e358e562xg\"><div data-id=\"pt-cv-page-1\" class=\"pt-cv-page\" data-cvc=\"3\"><div class=\"col-md-4 col-sm-6 col-xs-12 pt-cv-content-item pt-cv-1-col\" ><div class='pt-cv-ifield'><a href=\"https:\/\/ciudadtrujillo.com\/?p=48979\" class=\"_self pt-cv-href-thumbnail pt-cv-thumb-default\" target=\"_self\" ><img loading=\"lazy\" decoding=\"async\" width=\"300\" height=\"167\" src=\"https:\/\/ciudadtrujillo.com\/wp-content\/uploads\/2025\/11\/WhatsApp-Image-2025-11-12-at-8.09.48-PM-300x167.jpeg\" class=\"pt-cv-thumbnail\" alt=\"\" srcset=\"https:\/\/ciudadtrujillo.com\/wp-content\/uploads\/2025\/11\/WhatsApp-Image-2025-11-12-at-8.09.48-PM-300x167.jpeg 300w, https:\/\/ciudadtrujillo.com\/wp-content\/uploads\/2025\/11\/WhatsApp-Image-2025-11-12-at-8.09.48-PM-768x426.jpeg 768w, https:\/\/ciudadtrujillo.com\/wp-content\/uploads\/2025\/11\/WhatsApp-Image-2025-11-12-at-8.09.48-PM.jpeg 800w\" sizes=\"auto, (max-width: 300px) 100vw, 300px\" \/><\/a>\n<h4 class=\"pt-cv-title\"><a href=\"https:\/\/ciudadtrujillo.com\/?p=48979\" class=\"_self\" target=\"_self\" >Avanza rehabilitaci\u00f3n de la sede de El Sistema de Orquestas de Escuque<\/a><\/h4>\n<div class=\"pt-cv-content\">En el estado Trujillo, municipio Escuque, se ejecut\u00f3 la sustituci\u00f3n del techado de asbesto en la sede de El Sistema ...<br \/><div class=\"pt-cv-rmwrap\"><a href=\"https:\/\/ciudadtrujillo.com\/?p=48979\" class=\"_self pt-cv-readmore btn btn-success\" target=\"_self\">Leer M\u00e1s<\/a><\/div><\/div><\/div><\/div>\n<div class=\"col-md-4 col-sm-6 col-xs-12 pt-cv-content-item pt-cv-1-col\" ><div class='pt-cv-ifield'><a href=\"https:\/\/ciudadtrujillo.com\/?p=48944\" class=\"_self pt-cv-href-thumbnail pt-cv-thumb-default\" target=\"_self\" ><img loading=\"lazy\" decoding=\"async\" width=\"300\" height=\"167\" src=\"https:\/\/ciudadtrujillo.com\/wp-content\/uploads\/2025\/11\/LIBRO-1-300x167.png\" class=\"pt-cv-thumbnail\" alt=\"\" srcset=\"https:\/\/ciudadtrujillo.com\/wp-content\/uploads\/2025\/11\/LIBRO-1-300x167.png 300w, https:\/\/ciudadtrujillo.com\/wp-content\/uploads\/2025\/11\/LIBRO-1-768x427.png 768w, https:\/\/ciudadtrujillo.com\/wp-content\/uploads\/2025\/11\/LIBRO-1.png 800w\" sizes=\"auto, (max-width: 300px) 100vw, 300px\" \/><\/a>\n<h4 class=\"pt-cv-title\"><a href=\"https:\/\/ciudadtrujillo.com\/?p=48944\" class=\"_self\" target=\"_self\" >XVI Feria del Libro de Caracas se extiende una semana m\u00e1s en la GAN<\/a><\/h4>\n<div class=\"pt-cv-content\">La XVI Feria del Libro de Caracas se extiende por una semana m\u00e1s en la Galer\u00eda de Arte Nacional (GAN) ...<br \/><div class=\"pt-cv-rmwrap\"><a href=\"https:\/\/ciudadtrujillo.com\/?p=48944\" class=\"_self pt-cv-readmore btn btn-success\" target=\"_self\">Leer M\u00e1s<\/a><\/div><\/div><\/div><\/div><\/div><\/div><\/div><\/a><\/p>\n<hr \/>\n<h2>Tecnolog\u00eda<\/h2>\n<p><a href=\"http:\/\/&lt;div class=&quot;pt-cv-wrapper&quot;&gt;Error: puede que no exista la vista de &lt;strong&gt;quotd74acc4e3gquot&lt;\/strong&gt;&lt;\/div&gt;\"><div class=\"pt-cv-wrapper\"><div class=\"pt-cv-view pt-cv-grid pt-cv-colsys\" id=\"pt-cv-view-d74acc4e3g\"><div data-id=\"pt-cv-page-1\" class=\"pt-cv-page\" data-cvc=\"2\"><div class=\"col-md-6 col-sm-6 col-xs-12 pt-cv-content-item pt-cv-1-col\" ><div class='pt-cv-ifield'><a href=\"https:\/\/ciudadtrujillo.com\/?p=35732\" class=\"_self pt-cv-href-thumbnail pt-cv-thumb-default\" target=\"_self\" ><img loading=\"lazy\" decoding=\"async\" width=\"300\" height=\"167\" src=\"https:\/\/ciudadtrujillo.com\/wp-content\/uploads\/2024\/05\/TECNO-300x167.png\" class=\"pt-cv-thumbnail\" alt=\"\" srcset=\"https:\/\/ciudadtrujillo.com\/wp-content\/uploads\/2024\/05\/TECNO-300x167.png 300w, https:\/\/ciudadtrujillo.com\/wp-content\/uploads\/2024\/05\/TECNO-768x427.png 768w, https:\/\/ciudadtrujillo.com\/wp-content\/uploads\/2024\/05\/TECNO.png 800w\" sizes=\"auto, (max-width: 300px) 100vw, 300px\" \/><\/a>\n<h4 class=\"pt-cv-title\"><a href=\"https:\/\/ciudadtrujillo.com\/?p=35732\" class=\"_self\" target=\"_self\" >Cient\u00edficos logran identificar la composici\u00f3n at\u00f3mica del c\u00e1ncer<\/a><\/h4>\n<div class=\"pt-cv-content\">Por primera vez, cient\u00edficos de la Universidad de Colorado Boulder y la Universidad de Princeton han aplicado una herramienta com\u00fanmente ...<br \/><div class=\"pt-cv-rmwrap\"><a href=\"https:\/\/ciudadtrujillo.com\/?p=35732\" class=\"_self pt-cv-readmore btn btn-success\" target=\"_self\">Leer M\u00e1s<\/a><\/div><\/div><\/div><\/div>\n<div class=\"col-md-6 col-sm-6 col-xs-12 pt-cv-content-item pt-cv-1-col\" ><div class='pt-cv-ifield'><a href=\"https:\/\/ciudadtrujillo.com\/?p=35729\" class=\"_self pt-cv-href-thumbnail pt-cv-thumb-default\" target=\"_self\" ><img loading=\"lazy\" decoding=\"async\" width=\"300\" height=\"167\" src=\"https:\/\/ciudadtrujillo.com\/wp-content\/uploads\/2024\/05\/cantv-300x167.jpeg\" class=\"pt-cv-thumbnail\" alt=\"\" srcset=\"https:\/\/ciudadtrujillo.com\/wp-content\/uploads\/2024\/05\/cantv-300x167.jpeg 300w, https:\/\/ciudadtrujillo.com\/wp-content\/uploads\/2024\/05\/cantv-768x427.jpeg 768w, https:\/\/ciudadtrujillo.com\/wp-content\/uploads\/2024\/05\/cantv.jpeg 800w\" sizes=\"auto, (max-width: 300px) 100vw, 300px\" \/><\/a>\n<h4 class=\"pt-cv-title\"><a href=\"https:\/\/ciudadtrujillo.com\/?p=35729\" class=\"_self\" target=\"_self\" >Cantv fomenta inter\u00e9s hacia telecomunicaciones en estudiantes de Sucre<\/a><\/h4>\n<div class=\"pt-cv-content\">Estudiantes de la Unidad Educativa \u201cAndr\u00e9s Eloy Blanco\u201d, ubicada en Cuman\u00e1, estado Sucre, recorrieron la Central Digital de Operaciones de ...<br \/><div class=\"pt-cv-rmwrap\"><a href=\"https:\/\/ciudadtrujillo.com\/?p=35729\" class=\"_self pt-cv-readmore btn btn-success\" target=\"_self\">Leer M\u00e1s<\/a><\/div><\/div><\/div><\/div><\/div><\/div><\/div><\/a><\/p>\n<hr \/>\n<h2><a href=\"http:\/\/trujillo.sytes.net:8000\/paisana92_5fm.ogg\">Paisana<\/a> <a href=\"http:\/\/trujillo.sytes.net:8000\/paisana92_5fm.ogg\" target=\"_blank\" rel=\"noopener noreferrer\"><img loading=\"lazy\" decoding=\"async\" class=\"\" src=\"https:\/\/ciudadtrujillo.com\/wp-content\/uploads\/2020\/06\/paisana-300x46.png\" alt=\"\" width=\"639\" height=\"98\" \/><\/a><\/h2>\n","protected":false},"excerpt":{"rendered":"<p>Deportes Publicidad &nbsp; &nbsp; Opini\u00f3n Cultura Tecnolog\u00eda Paisana<\/p>\n","protected":false},"author":7,"featured_media":0,"parent":0,"menu_order":0,"comment_status":"closed","ping_status":"closed","template":"","meta":{"footnotes":""},"class_list":["post-130","page","type-page","status-publish","hentry"],"_links":{"self":[{"href":"https:\/\/ciudadtrujillo.com\/index.php?rest_route=\/wp\/v2\/pages\/130","targetHints":{"allow":["GET"]}}],"collection":[{"href":"https:\/\/ciudadtrujillo.com\/index.php?rest_route=\/wp\/v2\/pages"}],"about":[{"href":"https:\/\/ciudadtrujillo.com\/index.php?rest_route=\/wp\/v2\/types\/page"}],"author":[{"embeddable":true,"href":"https:\/\/ciudadtrujillo.com\/index.php?rest_route=\/wp\/v2\/users\/7"}],"replies":[{"embeddable":true,"href":"https:\/\/ciudadtrujillo.com\/index.php?rest_route=%2Fwp%2Fv2%2Fcomments&post=130"}],"version-history":[{"count":39,"href":"https:\/\/ciudadtrujillo.com\/index.php?rest_route=\/wp\/v2\/pages\/130\/revisions"}],"predecessor-version":[{"id":51397,"href":"https:\/\/ciudadtrujillo.com\/index.php?rest_route=\/wp\/v2\/pages\/130\/revisions\/51397"}],"wp:attachment":[{"href":"https:\/\/ciudadtrujillo.com\/index.php?rest_route=%2Fwp%2Fv2%2Fmedia&parent=130"}],"curies":[{"name":"wp","href":"https:\/\/api.w.org\/{rel}","templated":true}]}}